{"id":11401,"date":"2022-06-20T07:40:21","date_gmt":"2022-06-20T05:40:21","guid":{"rendered":"https:\/\/ocg.de\/impressum\/"},"modified":"2025-12-10T11:51:24","modified_gmt":"2025-12-10T10:51:24","slug":"impressum","status":"publish","type":"page","link":"https:\/\/ocg.de\/en\/impressum\/","title":{"rendered":"Impressum"},"content":{"rendered":"\t\t<div data-elementor-type=\"wp-page\" data-elementor-id=\"11401\" class=\"elementor elementor-11401 elementor-4154\" data-elementor-post-type=\"page\">\n\t\t\t\t\t\t<section class=\"elementor-section elementor-top-section elementor-element elementor-element-b90e5fc elementor-section-height-min-height elementor-section-boxed elementor-section-height-default elementor-section-items-middle\" data-id=\"b90e5fc\" data-element_type=\"section\" data-e-type=\"section\">\n\t\t\t\t\t\t\t<div class=\"elementor-background-overlay\"><\/div>\n\t\t\t\t\t\t\t<div class=\"elementor-container elementor-column-gap-default\">\n\t\t\t\t\t<div class=\"elementor-column elementor-col-100 elementor-top-column elementor-element elementor-element-36e95d4\" data-id=\"36e95d4\" data-element_type=\"column\" data-e-type=\"column\" data-settings=\"{&quot;background_background&quot;:&quot;classic&quot;}\">\n\t\t\t<div class=\"elementor-widget-wrap elementor-element-populated\">\n\t\t\t\t\t<div class=\"elementor-background-overlay\"><\/div>\n\t\t\t\t\t\t<section class=\"elementor-section elementor-inner-section elementor-element elementor-element-54c497b elementor-section-height-min-height elementor-section-content-middle elementor-section-full_width elementor-section-height-default\" data-id=\"54c497b\" data-element_type=\"section\" data-e-type=\"section\">\n\t\t\t\t\t\t<div class=\"elementor-container elementor-column-gap-default\">\n\t\t\t\t\t<div class=\"elementor-column elementor-col-50 elementor-inner-column elementor-element elementor-element-a2bdf38\" data-id=\"a2bdf38\" data-element_type=\"column\" data-e-type=\"column\">\n\t\t\t<div class=\"elementor-widget-wrap elementor-element-populated\">\n\t\t\t\t\t\t<div class=\"elementor-element elementor-element-6e06733 elementor-widget elementor-widget-spacer\" data-id=\"6e06733\" data-element_type=\"widget\" data-e-type=\"widget\" data-widget_type=\"spacer.default\">\n\t\t\t\t<div class=\"elementor-widget-container\">\n\t\t\t\t\t\t\t<div class=\"elementor-spacer\">\n\t\t\t<div class=\"elementor-spacer-inner\"><\/div>\n\t\t<\/div>\n\t\t\t\t\t\t<\/div>\n\t\t\t\t<\/div>\n\t\t\t\t<div class=\"elementor-element elementor-element-4659b11 elementor-widget elementor-widget-spacer\" data-id=\"4659b11\" data-element_type=\"widget\" data-e-type=\"widget\" data-widget_type=\"spacer.default\">\n\t\t\t\t<div class=\"elementor-widget-container\">\n\t\t\t\t\t\t\t<div class=\"elementor-spacer\">\n\t\t\t<div class=\"elementor-spacer-inner\"><\/div>\n\t\t<\/div>\n\t\t\t\t\t\t<\/div>\n\t\t\t\t<\/div>\n\t\t\t\t\t<\/div>\n\t\t<\/div>\n\t\t\t\t<div class=\"elementor-column elementor-col-50 elementor-inner-column elementor-element elementor-element-a4aa5d1\" data-id=\"a4aa5d1\" data-element_type=\"column\" data-e-type=\"column\">\n\t\t\t<div class=\"elementor-widget-wrap\">\n\t\t\t\t\t\t\t<\/div>\n\t\t<\/div>\n\t\t\t\t\t<\/div>\n\t\t<\/section>\n\t\t\t\t\t<\/div>\n\t\t<\/div>\n\t\t\t\t\t<\/div>\n\t\t<\/section>\n\t\t\t\t<section class=\"elementor-section elementor-top-section elementor-element elementor-element-66d08ed elementor-section-boxed elementor-section-height-default elementor-section-height-default\" data-id=\"66d08ed\" data-element_type=\"section\" data-e-type=\"section\">\n\t\t\t\t\t\t<div class=\"elementor-container elementor-column-gap-default\">\n\t\t\t\t\t<div class=\"elementor-column elementor-col-100 elementor-top-column elementor-element elementor-element-4993d99\" data-id=\"4993d99\" data-element_type=\"column\" data-e-type=\"column\">\n\t\t\t<div class=\"elementor-widget-wrap elementor-element-populated\">\n\t\t\t\t\t\t<div class=\"elementor-element elementor-element-2a40240 elementor-widget elementor-widget-spacer\" data-id=\"2a40240\" data-element_type=\"widget\" data-e-type=\"widget\" data-widget_type=\"spacer.default\">\n\t\t\t\t<div class=\"elementor-widget-container\">\n\t\t\t\t\t\t\t<div class=\"elementor-spacer\">\n\t\t\t<div class=\"elementor-spacer-inner\"><\/div>\n\t\t<\/div>\n\t\t\t\t\t\t<\/div>\n\t\t\t\t<\/div>\n\t\t\t\t\t<\/div>\n\t\t<\/div>\n\t\t\t\t\t<\/div>\n\t\t<\/section>\n\t\t\t\t<section class=\"elementor-section elementor-top-section elementor-element elementor-element-e70902d elementor-section-boxed elementor-section-height-default elementor-section-height-default\" data-id=\"e70902d\" data-element_type=\"section\" data-e-type=\"section\">\n\t\t\t\t\t\t<div class=\"elementor-container elementor-column-gap-default\">\n\t\t\t\t\t<div class=\"elementor-column elementor-col-100 elementor-top-column elementor-element elementor-element-a265462\" data-id=\"a265462\" data-element_type=\"column\" data-e-type=\"column\">\n\t\t\t<div class=\"elementor-widget-wrap elementor-element-populated\">\n\t\t\t\t\t\t<div class=\"elementor-element elementor-element-2fd582c elementor-widget elementor-widget-heading\" data-id=\"2fd582c\" data-element_type=\"widget\" data-e-type=\"widget\" data-widget_type=\"heading.default\">\n\t\t\t\t<div class=\"elementor-widget-container\">\n\t\t\t\t\t<h1 class=\"elementor-heading-title elementor-size-default\">IMPRESSUM<\/h1>\t\t\t\t<\/div>\n\t\t\t\t<\/div>\n\t\t\t\t<div class=\"elementor-element elementor-element-537dacd elementor-widget elementor-widget-text-editor\" data-id=\"537dacd\" data-element_type=\"widget\" data-e-type=\"widget\" data-widget_type=\"text-editor.default\">\n\t\t\t\t<div class=\"elementor-widget-container\">\n\t\t\t\t\t\t\t\t\t<div class=\"elementor-element elementor-element-daba673 elementor-widget elementor-widget-erecht24\" data-id=\"daba673\" data-element_type=\"widget\" data-widget_type=\"erecht24.default\"><div class=\"elementor-widget-container\"><div class=\"erecht24-elementor-widget\"><div><h2>Angaben gem\u00e4\u00df \u00a7 5 TMG<\/h2><p>Oxford Computer Group GmbH<br>Gie\u00dfereistra\u00dfe 16<br>85435 Erding<\/p><p>Commercial register: HRB 170 733<br>Register court: Munich<\/p><p>Represented by:<br>Managing Director: R\u00fcdiger &amp; Martin Berndt<\/p><h2>Contact us<\/h2><p>Phone: +49 8122 89 20 89 0<br>Fax: +49 8122 89 20 89-99<br>E-mail: info@ocg.de<\/p><h2>Sales tax ID<\/h2><p>Value added tax identification number in accordance with \u00a7 27 a of the Value Added Tax Act:<br>DE25 710 1913<\/p><h2>Business registration<\/h2><p>The business registration according to \u00a7 14 or \u00a7 55 c GewO GewO was granted on 01.11.2007 by Ordnungsamt Stadt Erding.<\/p><h2>Information on professional indemnity insurance<\/h2><p><strong>Name and registered office of the insurer:<\/strong><br>Verwaltungs-Berufsgenossenschaft<br>Massaquoipassage 1<br>22305 Hamburg<\/p><p><strong>Area of validity of the insurance:<\/strong><br>Germany<\/p><h2>Editorially responsible<\/h2><p>Sandra Adelsberger<br>Gie\u00dfereistra\u00dfe 16<br>85435 Erding<\/p><h2>Consumer dispute resolution\/universal arbitration centre<\/h2><p>We are not willing or obliged to participate in dispute resolution proceedings before a consumer arbitration board.<\/p><\/div><\/div><\/div><\/div>\t\t\t\t\t\t\t\t<\/div>\n\t\t\t\t<\/div>\n\t\t\t\t<div class=\"elementor-element elementor-element-c13094b elementor-widget elementor-widget-spacer\" data-id=\"c13094b\" data-element_type=\"widget\" data-e-type=\"widget\" data-widget_type=\"spacer.default\">\n\t\t\t\t<div class=\"elementor-widget-container\">\n\t\t\t\t\t\t\t<div class=\"elementor-spacer\">\n\t\t\t<div class=\"elementor-spacer-inner\"><\/div>\n\t\t<\/div>\n\t\t\t\t\t\t<\/div>\n\t\t\t\t<\/div>\n\t\t\t\t<div class=\"elementor-element elementor-element-e0cca8b elementor-widget elementor-widget-heading\" data-id=\"e0cca8b\" data-element_type=\"widget\" data-e-type=\"widget\" data-widget_type=\"heading.default\">\n\t\t\t\t<div class=\"elementor-widget-container\">\n\t\t\t\t\t<h2 class=\"elementor-heading-title elementor-size-default\">Realisation<\/h2>\t\t\t\t<\/div>\n\t\t\t\t<\/div>\n\t\t\t\t<div class=\"elementor-element elementor-element-817c770 elementor-widget elementor-widget-text-editor\" data-id=\"817c770\" data-element_type=\"widget\" data-e-type=\"widget\" data-widget_type=\"text-editor.default\">\n\t\t\t\t<div class=\"elementor-widget-container\">\n\t\t\t\t\t\t\t\t\t<p>This web project was realised in cooperation with <a href=\"https:\/\/iavatro.de\" target=\"_blank\" rel=\"noopener\">iavatro UG (haftungsbeschr\u00e4nkt)<\/a>.<\/p>\t\t\t\t\t\t\t\t<\/div>\n\t\t\t\t<\/div>\n\t\t\t\t<div class=\"elementor-element elementor-element-c7d9083 elementor-widget elementor-widget-heading\" data-id=\"c7d9083\" data-element_type=\"widget\" data-e-type=\"widget\" data-widget_type=\"heading.default\">\n\t\t\t\t<div class=\"elementor-widget-container\">\n\t\t\t\t\t<h2 class=\"elementor-heading-title elementor-size-default\">Images<\/h2>\t\t\t\t<\/div>\n\t\t\t\t<\/div>\n\t\t\t\t<div class=\"elementor-element elementor-element-467f673 elementor-widget elementor-widget-text-editor\" data-id=\"467f673\" data-element_type=\"widget\" data-e-type=\"widget\" data-widget_type=\"text-editor.default\">\n\t\t\t\t<div class=\"elementor-widget-container\">\n\t\t\t\t\t\t\t\t\t<p>All pictures show only employees of Oxford Computer Group GmbH, Germany and were taken by <a title=\"http:\/\/neu.foto-zeiler.de\/\" href=\"http:\/\/neu.foto-zeiler.de\/\" target=\"_blank\" rel=\"noopener noreferrer\" aria-label=\"Link Foto Zeiler\">Foto Zeiler<\/a> for advertising purposes.<\/p>\t\t\t\t\t\t\t\t<\/div>\n\t\t\t\t<\/div>\n\t\t\t\t<div class=\"elementor-element elementor-element-39ea155 elementor-widget elementor-widget-text-editor\" data-id=\"39ea155\" data-element_type=\"widget\" data-e-type=\"widget\" data-widget_type=\"text-editor.default\">\n\t\t\t\t<div class=\"elementor-widget-container\">\n\t\t\t\t\t\t\t\t\t<p>Images Blog:<\/p><p>BillionPhotos.com &#8211; stock.adobe.com<br>kazoka303030 &#8211; stock.adobe.com<br>momius &#8211; stock.adobe.com<br>NicoElNino &#8211; stock.adobe.com<br>Olivier Le Moal \u2013 stock.adobe.com<br>profit_image &#8211; stock.adobe.com<br>Rawpixel.com &#8211; stock.adobe.com<br>Sergey Nivens &#8211; stock.adobe.com<br>stockphoto-graf &#8211; stock.adobe.com<br>Javier Brosch- stoc.adobe.com<br>dabhnusia &#8211; stock.adobe.com<br>\u0421\u0435\u0440\u0433\u0435\u0439 \u041a\u0443\u0440\u0430\u0436\u0435\u043d\u043a\u043e &#8211; stock.adobe.com<\/p>\t\t\t\t\t\t\t\t<\/div>\n\t\t\t\t<\/div>\n\t\t\t\t\t<\/div>\n\t\t<\/div>\n\t\t\t\t\t<\/div>\n\t\t<\/section>\n\t\t\t\t<\/div>\n\t\t","protected":false},"excerpt":{"rendered":"<p>IMPRESSUM Angaben gem\u00e4\u00df \u00a7 5 TMG Oxford Computer Group GmbHGie\u00dfereistra\u00dfe 1685435 Erding Commercial register: HRB 170 733Register court: Munich Represented by:Managing Director: R\u00fcdiger &amp; Martin Berndt Contact us Phone: +49 8122 89 20 89 0Fax: +49 8122 89 20 89-99E-mail: info@ocg.de Sales tax ID Value added tax identification number in accordance with \u00a7 27 a [&hellip;]<\/p>\n","protected":false},"author":1,"featured_media":0,"parent":0,"menu_order":0,"comment_status":"closed","ping_status":"closed","template":"","meta":{"footnotes":""},"class_list":["post-11401","page","type-page","status-publish","hentry"],"yoast_head":"<!-- This site is optimized with the Yoast SEO plugin v27.3 - https:\/\/yoast.com\/product\/yoast-seo-wordpress\/ -->\n<title>Impressum<\/title>\n<meta name=\"robots\" content=\"noindex, follow\" \/>\n<meta property=\"og:locale\" content=\"en_US\" \/>\n<meta property=\"og:type\" content=\"article\" \/>\n<meta property=\"og:title\" content=\"Impressum\" \/>\n<meta property=\"og:description\" content=\"IMPRESSUM Angaben gem\u00e4\u00df \u00a7 5 TMG Oxford Computer Group GmbHGie\u00dfereistra\u00dfe 1685435 Erding Commercial register: HRB 170 733Register court: Munich Represented by:Managing Director: R\u00fcdiger &amp; Martin Berndt Contact us Phone: +49 8122 89 20 89 0Fax: +49 8122 89 20 89-99E-mail: info@ocg.de Sales tax ID Value added tax identification number in accordance with \u00a7 27 a [&hellip;]\" \/>\n<meta property=\"og:url\" content=\"https:\/\/ocg.de\/en\/impressum\/\" \/>\n<meta property=\"og:site_name\" content=\"OCG - Oxford Computer Group GmbH\" \/>\n<meta property=\"article:modified_time\" content=\"2025-12-10T10:51:24+00:00\" \/>\n<meta property=\"og:image\" content=\"https:\/\/ocg.de\/wp-content\/uploads\/2026\/03\/headerbild_nadine-hande.jpg\" \/>\n\t<meta property=\"og:image:width\" content=\"2400\" \/>\n\t<meta property=\"og:image:height\" content=\"1344\" \/>\n\t<meta property=\"og:image:type\" content=\"image\/jpeg\" \/>\n<meta name=\"twitter:card\" content=\"summary_large_image\" \/>\n<script type=\"application\/ld+json\" class=\"yoast-schema-graph\">{\"@context\":\"https:\\\/\\\/schema.org\",\"@graph\":[{\"@type\":\"WebPage\",\"@id\":\"https:\\\/\\\/ocg.de\\\/en\\\/impressum\\\/\",\"url\":\"https:\\\/\\\/ocg.de\\\/en\\\/impressum\\\/\",\"name\":\"Impressum\",\"isPartOf\":{\"@id\":\"https:\\\/\\\/ocg.de\\\/#website\"},\"datePublished\":\"2022-06-20T05:40:21+00:00\",\"dateModified\":\"2025-12-10T10:51:24+00:00\",\"breadcrumb\":{\"@id\":\"https:\\\/\\\/ocg.de\\\/en\\\/impressum\\\/#breadcrumb\"},\"inLanguage\":\"en-US\",\"potentialAction\":[{\"@type\":\"ReadAction\",\"target\":[\"https:\\\/\\\/ocg.de\\\/en\\\/impressum\\\/\"]}]},{\"@type\":\"BreadcrumbList\",\"@id\":\"https:\\\/\\\/ocg.de\\\/en\\\/impressum\\\/#breadcrumb\",\"itemListElement\":[{\"@type\":\"ListItem\",\"position\":1,\"name\":\"Startseite\",\"item\":\"https:\\\/\\\/ocg.de\\\/en\\\/oxford-computer-group-gmbh\\\/\"},{\"@type\":\"ListItem\",\"position\":2,\"name\":\"Impressum\"}]},{\"@type\":\"WebSite\",\"@id\":\"https:\\\/\\\/ocg.de\\\/#website\",\"url\":\"https:\\\/\\\/ocg.de\\\/\",\"name\":\"OCG - Oxford Computer Group GmbH\",\"description\":\"Verschaffen Sie sich Klarheit, Zeit und Sicherheit durch unsere IAM-L\u00f6sung.\",\"publisher\":{\"@id\":\"https:\\\/\\\/ocg.de\\\/#organization\"},\"potentialAction\":[{\"@type\":\"SearchAction\",\"target\":{\"@type\":\"EntryPoint\",\"urlTemplate\":\"https:\\\/\\\/ocg.de\\\/?s={search_term_string}\"},\"query-input\":{\"@type\":\"PropertyValueSpecification\",\"valueRequired\":true,\"valueName\":\"search_term_string\"}}],\"inLanguage\":\"en-US\"},{\"@type\":\"Organization\",\"@id\":\"https:\\\/\\\/ocg.de\\\/#organization\",\"name\":\"Oxford Computer Group GmbH\",\"url\":\"https:\\\/\\\/ocg.de\\\/\",\"logo\":{\"@type\":\"ImageObject\",\"inLanguage\":\"en-US\",\"@id\":\"https:\\\/\\\/ocg.de\\\/#\\\/schema\\\/logo\\\/image\\\/\",\"url\":\"https:\\\/\\\/ocg.de\\\/wp-content\\\/uploads\\\/2022\\\/03\\\/logo.png\",\"contentUrl\":\"https:\\\/\\\/ocg.de\\\/wp-content\\\/uploads\\\/2022\\\/03\\\/logo.png\",\"width\":210,\"height\":35,\"caption\":\"Oxford Computer Group GmbH\"},\"image\":{\"@id\":\"https:\\\/\\\/ocg.de\\\/#\\\/schema\\\/logo\\\/image\\\/\"}}]}<\/script>\n<!-- \/ Yoast SEO plugin. -->","yoast_head_json":{"title":"Impressum","robots":{"index":"noindex","follow":"follow"},"og_locale":"en_US","og_type":"article","og_title":"Impressum","og_description":"IMPRESSUM Angaben gem\u00e4\u00df \u00a7 5 TMG Oxford Computer Group GmbHGie\u00dfereistra\u00dfe 1685435 Erding Commercial register: HRB 170 733Register court: Munich Represented by:Managing Director: R\u00fcdiger &amp; Martin Berndt Contact us Phone: +49 8122 89 20 89 0Fax: +49 8122 89 20 89-99E-mail: info@ocg.de Sales tax ID Value added tax identification number in accordance with \u00a7 27 a [&hellip;]","og_url":"https:\/\/ocg.de\/en\/impressum\/","og_site_name":"OCG - Oxford Computer Group GmbH","article_modified_time":"2025-12-10T10:51:24+00:00","og_image":[{"width":2400,"height":1344,"url":"https:\/\/ocg.de\/wp-content\/uploads\/2026\/03\/headerbild_nadine-hande.jpg","type":"image\/jpeg"}],"twitter_card":"summary_large_image","schema":{"@context":"https:\/\/schema.org","@graph":[{"@type":"WebPage","@id":"https:\/\/ocg.de\/en\/impressum\/","url":"https:\/\/ocg.de\/en\/impressum\/","name":"Impressum","isPartOf":{"@id":"https:\/\/ocg.de\/#website"},"datePublished":"2022-06-20T05:40:21+00:00","dateModified":"2025-12-10T10:51:24+00:00","breadcrumb":{"@id":"https:\/\/ocg.de\/en\/impressum\/#breadcrumb"},"inLanguage":"en-US","potentialAction":[{"@type":"ReadAction","target":["https:\/\/ocg.de\/en\/impressum\/"]}]},{"@type":"BreadcrumbList","@id":"https:\/\/ocg.de\/en\/impressum\/#breadcrumb","itemListElement":[{"@type":"ListItem","position":1,"name":"Startseite","item":"https:\/\/ocg.de\/en\/oxford-computer-group-gmbh\/"},{"@type":"ListItem","position":2,"name":"Impressum"}]},{"@type":"WebSite","@id":"https:\/\/ocg.de\/#website","url":"https:\/\/ocg.de\/","name":"OCG - Oxford Computer Group GmbH","description":"Verschaffen Sie sich Klarheit, Zeit und Sicherheit durch unsere IAM-L\u00f6sung.","publisher":{"@id":"https:\/\/ocg.de\/#organization"},"potentialAction":[{"@type":"SearchAction","target":{"@type":"EntryPoint","urlTemplate":"https:\/\/ocg.de\/?s={search_term_string}"},"query-input":{"@type":"PropertyValueSpecification","valueRequired":true,"valueName":"search_term_string"}}],"inLanguage":"en-US"},{"@type":"Organization","@id":"https:\/\/ocg.de\/#organization","name":"Oxford Computer Group GmbH","url":"https:\/\/ocg.de\/","logo":{"@type":"ImageObject","inLanguage":"en-US","@id":"https:\/\/ocg.de\/#\/schema\/logo\/image\/","url":"https:\/\/ocg.de\/wp-content\/uploads\/2022\/03\/logo.png","contentUrl":"https:\/\/ocg.de\/wp-content\/uploads\/2022\/03\/logo.png","width":210,"height":35,"caption":"Oxford Computer Group GmbH"},"image":{"@id":"https:\/\/ocg.de\/#\/schema\/logo\/image\/"}}]}},"_links":{"self":[{"href":"https:\/\/ocg.de\/en\/wp-json\/wp\/v2\/pages\/11401","targetHints":{"allow":["GET"]}}],"collection":[{"href":"https:\/\/ocg.de\/en\/wp-json\/wp\/v2\/pages"}],"about":[{"href":"https:\/\/ocg.de\/en\/wp-json\/wp\/v2\/types\/page"}],"author":[{"embeddable":true,"href":"https:\/\/ocg.de\/en\/wp-json\/wp\/v2\/users\/1"}],"replies":[{"embeddable":true,"href":"https:\/\/ocg.de\/en\/wp-json\/wp\/v2\/comments?post=11401"}],"version-history":[{"count":2,"href":"https:\/\/ocg.de\/en\/wp-json\/wp\/v2\/pages\/11401\/revisions"}],"predecessor-version":[{"id":14096,"href":"https:\/\/ocg.de\/en\/wp-json\/wp\/v2\/pages\/11401\/revisions\/14096"}],"wp:attachment":[{"href":"https:\/\/ocg.de\/en\/wp-json\/wp\/v2\/media?parent=11401"}],"curies":[{"name":"wp","href":"https:\/\/api.w.org\/{rel}","templated":true}]}}